{"id":40,"date":"2024-04-20T20:03:11","date_gmt":"2024-04-20T20:03:11","guid":{"rendered":"https:\/\/gundemn.com\/?page_id=40"},"modified":"2024-04-20T21:57:32","modified_gmt":"2024-04-20T21:57:32","slug":"elementor-40","status":"publish","type":"page","link":"https:\/\/gundemn.com\/","title":{"rendered":"G\u00fcndemN"},"content":{"rendered":"<p><a href=\"#\"><br \/>\n<span style=\"vertical-align: inherit;\"><span style=\"vertical-align: inherit;\">Ke\u015ffet<\/span><\/span><br \/>\n<\/a><\/p>\n<style>\/*! elementor - v3.21.0 - 18-04-2024 *\/<br \/>\n.elementor-heading-title{padding:0;margin:0;line-height:1}.elementor-widget-heading .elementor-heading-title[class*=elementor-size-]>a{color:inherit;font-size:inherit;line-height:inherit}.elementor-widget-heading .elementor-heading-title.elementor-size-small{font-size:15px}.elementor-widget-heading .elementor-heading-title.elementor-size-medium{font-size:19px}.elementor-widget-heading .elementor-heading-title.elementor-size-large{font-size:29px}.elementor-widget-heading .elementor-heading-title.elementor-size-xl{font-size:39px}.elementor-widget-heading .elementor-heading-title.elementor-size-xxl{font-size:59px}<\/style>\n<h2><span style=\"vertical-align: inherit;\"><span style=\"vertical-align: inherit;\">Ba\u015fl\u0131k Metninizi Buraya Ekleyin<\/span><\/span><\/h2>\n","protected":false},"excerpt":{"rendered":"<p>Ke\u015ffet Ba\u015fl\u0131k Metninizi Buraya Ekleyin<\/p>\n","protected":false},"author":1,"featured_media":0,"parent":0,"menu_order":0,"comment_status":"closed","ping_status":"closed","template":"","meta":{"footnotes":""},"class_list":["post-40","page","type-page","status-publish","hentry"],"_links":{"self":[{"href":"https:\/\/gundemn.com\/index.php?rest_route=\/wp\/v2\/pages\/40","targetHints":{"allow":["GET"]}}],"collection":[{"href":"https:\/\/gundemn.com\/index.php?rest_route=\/wp\/v2\/pages"}],"about":[{"href":"https:\/\/gundemn.com\/index.php?rest_route=\/wp\/v2\/types\/page"}],"author":[{"embeddable":true,"href":"https:\/\/gundemn.com\/index.php?rest_route=\/wp\/v2\/users\/1"}],"replies":[{"embeddable":true,"href":"https:\/\/gundemn.com\/index.php?rest_route=%2Fwp%2Fv2%2Fcomments&post=40"}],"version-history":[{"count":15,"href":"https:\/\/gundemn.com\/index.php?rest_route=\/wp\/v2\/pages\/40\/revisions"}],"predecessor-version":[{"id":103,"href":"https:\/\/gundemn.com\/index.php?rest_route=\/wp\/v2\/pages\/40\/revisions\/103"}],"wp:attachment":[{"href":"https:\/\/gundemn.com\/index.php?rest_route=%2Fwp%2Fv2%2Fmedia&parent=40"}],"curies":[{"name":"wp","href":"https:\/\/api.w.org\/{rel}","templated":true}]}}